{"id":54,"date":"2019-09-14T13:10:29","date_gmt":"2019-09-14T11:10:29","guid":{"rendered":"http:\/\/www.ms-wartberg.at\/wordpress\/?page_id=54"},"modified":"2026-01-07T16:42:39","modified_gmt":"2026-01-07T15:42:39","slug":"schwerpunkte","status":"publish","type":"page","link":"https:\/\/www.ms-wartberg.at\/?page_id=54","title":{"rendered":"Schwerpunkte"},"content":{"rendered":"<p>[et_pb_section fb_built=&#8220;1&#8243; _builder_version=&#8220;4.16&#8243; custom_padding=&#8220;||0px|||&#8220; global_colors_info=&#8220;{}&#8220;][et_pb_row _builder_version=&#8220;4.16&#8243; custom_padding=&#8220;||0px|||&#8220; global_colors_info=&#8220;{}&#8220;][et_pb_column type=&#8220;4_4&#8243; _builder_version=&#8220;4.16&#8243; global_colors_info=&#8220;{}&#8220;][et_pb_text content_tablet=&#8220;&#8220; content_phone=&#8220;<\/p>\n<h1>Schwer- punkte<\/h1>\n<p>&#8220; content_last_edited=&#8220;on|phone&#8220; _builder_version=&#8220;4.16&#8243; header_font=&#8220;|700||on|||||&#8220; header_text_align=&#8220;center&#8220; header_font_size=&#8220;38px&#8220; header_letter_spacing=&#8220;10px&#8220; custom_margin=&#8220;||10px||false|false&#8220; global_colors_info=&#8220;{}&#8220;]<\/p>\n<h1 style=\"text-align: center;\">Schwerpunkte<\/h1>\n<p>[\/et_pb_text][\/et_pb_column][\/et_pb_row][\/et_pb_section][et_pb_section fb_built=&#8220;1&#8243; fullwidth=&#8220;on&#8220; _builder_version=&#8220;4.16&#8243; global_colors_info=&#8220;{}&#8220;][et_pb_fullwidth_menu menu_id=&#8220;11&#8243; fullwidth_menu=&#8220;off&#8220; _builder_version=&#8220;4.16&#8243; text_orientation=&#8220;center&#8220; global_colors_info=&#8220;{}&#8220;][\/et_pb_fullwidth_menu][\/et_pb_section][et_pb_section fb_built=&#8220;1&#8243; _builder_version=&#8220;4.16&#8243; custom_padding=&#8220;0px|||||&#8220; global_colors_info=&#8220;{}&#8220;][et_pb_row _builder_version=&#8220;4.16&#8243; custom_padding=&#8220;0px|||||&#8220; global_colors_info=&#8220;{}&#8220;][et_pb_column type=&#8220;4_4&#8243; _builder_version=&#8220;4.16&#8243; global_colors_info=&#8220;{}&#8220;][et_pb_divider color=&#8220;#71b500&#8243; _builder_version=&#8220;4.16&#8243; custom_margin=&#8220;||-7px|||&#8220; global_colors_info=&#8220;{}&#8220;][\/et_pb_divider][\/et_pb_column][\/et_pb_row][et_pb_row module_id=&#8220;anker_tnms&#8220; _builder_version=&#8220;4.18.0&#8243; custom_margin=&#8220;2px|auto||auto||&#8220; global_colors_info=&#8220;{}&#8220;][et_pb_column type=&#8220;4_4&#8243; _builder_version=&#8220;4.16&#8243; global_colors_info=&#8220;{}&#8220;][et_pb_image src=&#8220;https:\/\/www.ms-wartberg.at\/wordpress\/wp-content\/uploads\/2022\/10\/MINT-Logo-300&#215;200.jpg&#8220; title_text=&#8220;MINT-Logo&#8220; _builder_version=&#8220;4.18.0&#8243; max_width=&#8220;25%&#8220; global_colors_info=&#8220;{}&#8220;][\/et_pb_image][et_pb_text _builder_version=&#8220;4.18.0&#8243; custom_margin=&#8220;-6px|||||&#8220; global_colors_info=&#8220;{}&#8220;]<\/p>\n<h1>MINT<\/h1>\n<h3>Konzept<\/h3>\n<p>In diesem Schwerpunkt steht die Vernetzung von Mathematik, Informatik, Naturwissenschaften und Technik am Programm. Wir sind eine von derzeit sieben Schulen in O\u00d6, die ihre Sch\u00fclerInnen zu entdeckendem, forschendem Lernen im neuen Fach &#8222;MINT&#8220; einl\u00e4dt. Das bedeutet zwar zwei zus\u00e4tzliche Wochenstunden f\u00fcr die ersten Klassen und drei ab der zweiten Klasse, daf\u00fcr gibt es hier nahezu unbegrenzte M\u00f6glichkeiten, Dinge des allt\u00e4glichen (Berufs-)Lebens zu hinterfragen und zu verstehen. Wir setzen den neuen Lehrplan dieses Faches in festgelegten Modulen und Projekten um, die sich immer mehrere Wochen mit einem Thema besch\u00e4ftigen. Viele Firmen aus der n\u00e4heren und weiteren Umgebung unterst\u00fctzen uns dabei mit Know-How, mit Betriebsbesuchen, aber auch mit Lehrauftritten ihrer MitarbeiterInnen bei uns im Haus.<\/p>\n<p>[\/et_pb_text][et_pb_button button_url=&#8220;https:\/\/www.ms-wartberg.at\/?page_id=3064&#8243; url_new_window=&#8220;on&#8220; button_text=&#8220;Hier erf\u00e4hrst du mehr \u00fcber MINT &#8230;&#8220; button_alignment=&#8220;center&#8220; _builder_version=&#8220;4.27.3&#8243; locked=&#8220;off&#8220; global_colors_info=&#8220;{}&#8220;][\/et_pb_button][et_pb_divider color=&#8220;#1296e1&#8243; _builder_version=&#8220;4.16&#8243; custom_margin=&#8220;||-7px|||&#8220; global_colors_info=&#8220;{}&#8220;][\/et_pb_divider][\/et_pb_column][\/et_pb_row][et_pb_row module_id=&#8220;anker_tnms&#8220; _builder_version=&#8220;4.18.0&#8243; custom_margin=&#8220;2px|auto||auto||&#8220; global_colors_info=&#8220;{}&#8220;][et_pb_column type=&#8220;4_4&#8243; _builder_version=&#8220;4.16&#8243; global_colors_info=&#8220;{}&#8220;][et_pb_image src=&#8220;https:\/\/www.ms-wartberg.at\/wordpress\/wp-content\/uploads\/2020\/10\/logo_TNMS-300&#215;150.jpg&#8220; title_text=&#8220;logo_TNMS&#8220; disabled_on=&#8220;on|on|on&#8220; _builder_version=&#8220;4.16&#8243; max_width=&#8220;25%&#8220; disabled=&#8220;on&#8220; global_colors_info=&#8220;{}&#8220;][\/et_pb_image][et_pb_text disabled_on=&#8220;on|on|on&#8220; _builder_version=&#8220;4.16&#8243; custom_margin=&#8220;-6px|||||&#8220; disabled=&#8220;on&#8220; global_colors_info=&#8220;{}&#8220;]<\/p>\n<h1>TNMS &#8211; Technik &amp; Naturwissenschaften<\/h1>\n<h3>Konzept<\/h3>\n<p>Seit dem Herbst 2015 hatten unsere Sch\u00fclerInnen ab den ersten Klassen die M\u00f6glichkeit, sich freiwillig f\u00fcr den Technik &amp; Naturwissenschaft-Schwerpunkt an unserer Schule zu entscheiden. Die Kinder erhalten zus\u00e4tzlichen Unterricht, wobei dieser so flexibel und abwechslungsreich wie m\u00f6glich gestaltet wird. Viele Lehrausg\u00e4nge, Betriebsbesichtigungen, aber auch die Einbindung interessanter Schulen bzw. Betriebe und deren Mitarbeiter in den Unterricht stehen hier am Plan. Dieser Schwerpunkt wird ab dem Schuljahr 2022-23 auslaufen und vom MINT-Bereich ersetzt!<\/p>\n<p>[\/et_pb_text][et_pb_divider color=&#8220;#1296e1&#8243; disabled_on=&#8220;on|on|on&#8220; _builder_version=&#8220;4.16&#8243; custom_margin=&#8220;||-7px|||&#8220; disabled=&#8220;on&#8220; global_colors_info=&#8220;{}&#8220;][\/et_pb_divider][\/et_pb_column][\/et_pb_row][et_pb_row module_id=&#8220;anker_bo&#8220; _builder_version=&#8220;4.16&#8243; custom_margin=&#8220;2px|auto||auto||&#8220; custom_padding=&#8220;||7px|||&#8220; global_colors_info=&#8220;{}&#8220;][et_pb_column type=&#8220;4_4&#8243; _builder_version=&#8220;4.16&#8243; global_colors_info=&#8220;{}&#8220;][et_pb_text _builder_version=&#8220;4.16&#8243; custom_margin=&#8220;-6px||-6px|||&#8220; global_colors_info=&#8220;{}&#8220;]<\/p>\n<h1>Berufsorientierung<\/h1>\n<p>[\/et_pb_text][\/et_pb_column][\/et_pb_row][et_pb_row _builder_version=&#8220;4.16&#8243; custom_margin=&#8220;-3px|auto||auto||&#8220; global_colors_info=&#8220;{}&#8220;][et_pb_column type=&#8220;4_4&#8243; _builder_version=&#8220;4.16&#8243; global_colors_info=&#8220;{}&#8220;][et_pb_text _builder_version=&#8220;4.16&#8243; global_colors_info=&#8220;{}&#8220;]<\/p>\n<h3>Allgemeines<\/h3>\n<p>In Berufsorientierung bieten wir den Sch\u00fclerInnen der 7. und 8. Schulstufe ein buntes Potpurri an Informationen, Angeboten und Lehrausg\u00e4ngen, wobei der Schwerpunkt der 3. Klasse auf der Entdeckung der eigenen Interessen und St\u00e4rken liegt. In der 4. Klasse werden dann Themen wie Stil &amp; Etikette, Schnuppertagebuch und Bewerbungsgespr\u00e4che ins Zentrum ger\u00fcckt.<\/p>\n<p>[\/et_pb_text][\/et_pb_column][\/et_pb_row][et_pb_row column_structure=&#8220;1_3,1_3,1_3&#8243; _builder_version=&#8220;4.16&#8243; custom_padding=&#8220;5px|||||&#8220; global_colors_info=&#8220;{}&#8220;][et_pb_column type=&#8220;1_3&#8243; _builder_version=&#8220;4.16&#8243; global_colors_info=&#8220;{}&#8220;][et_pb_image src=&#8220;https:\/\/www.ms-wartberg.at\/wordpress\/wp-content\/uploads\/2024\/05\/20230927_134521-1024&#215;768.jpg&#8220; title_text=&#8220;20230927_134521&#8243; _builder_version=&#8220;4.25.0&#8243; border_radii=&#8220;on|30px|30px|30px|30px&#8220; global_colors_info=&#8220;{}&#8220;][\/et_pb_image][et_pb_text _builder_version=&#8220;4.25.0&#8243; custom_margin=&#8220;24px||4px|||&#8220; global_colors_info=&#8220;{}&#8220;]<\/p>\n<h6>&#8230; Krawatten wurden gebunden<\/h6>\n<p>[\/et_pb_text][\/et_pb_column][et_pb_column type=&#8220;1_3&#8243; _builder_version=&#8220;4.16&#8243; global_colors_info=&#8220;{}&#8220;][et_pb_text _builder_version=&#8220;4.16&#8243; custom_margin=&#8220;24px||4px|||&#8220; global_colors_info=&#8220;{}&#8220;]<\/p>\n<h4>&#8222;Stil &amp; Etikette&#8220;<\/h4>\n<p>[\/et_pb_text][et_pb_text _builder_version=&#8220;4.16&#8243; custom_margin=&#8220;|||0px||&#8220; global_colors_info=&#8220;{}&#8220;]<\/p>\n<p>Die 4. Klassen des Schuljahres 2023\/24 hatten viel Spa\u00df beim Workshop &#8222;Stil&amp;Etikette&#8220;. Nicht nur das h\u00f6fliche Auftreten wurde trainiert, auch der richtige Umgang mit Messer und Gabel sollte ge\u00fcbt werden!<\/p>\n<p>[\/et_pb_text][\/et_pb_column][et_pb_column type=&#8220;1_3&#8243; _builder_version=&#8220;4.16&#8243; global_colors_info=&#8220;{}&#8220;][et_pb_image src=&#8220;https:\/\/www.ms-wartberg.at\/wordpress\/wp-content\/uploads\/2024\/05\/20230927_152710-1024&#215;768.jpg&#8220; title_text=&#8220;20230927_152710&#8243; _builder_version=&#8220;4.25.0&#8243; border_radii=&#8220;on|30px|30px|30px|30px&#8220; global_colors_info=&#8220;{}&#8220;][\/et_pb_image][et_pb_text _builder_version=&#8220;4.25.0&#8243; custom_margin=&#8220;24px||4px|||&#8220; global_colors_info=&#8220;{}&#8220;]<\/p>\n<h6>&#8230; der richtige Umgang<\/h6>\n<p>[\/et_pb_text][\/et_pb_column][\/et_pb_row][et_pb_row use_custom_gutter=&#8220;on&#8220; gutter_width=&#8220;2&#8243; _builder_version=&#8220;4.16&#8243; custom_padding=&#8220;||0px|||&#8220; global_colors_info=&#8220;{}&#8220;][et_pb_column type=&#8220;4_4&#8243; _builder_version=&#8220;4.16&#8243; global_colors_info=&#8220;{}&#8220;][et_pb_text _builder_version=&#8220;4.16&#8243; custom_margin=&#8220;||4px|||&#8220; global_colors_info=&#8220;{}&#8220;]<\/p>\n<h3>Termine &amp; Infos<\/h3>\n<p>Die Formulare f\u00fcr die Schnupperlehre innerhalb und au\u00dferhalb der Unterrichtszeit finden Sie bei den Formularen: <\/p>\n<p>[\/et_pb_text][et_pb_button button_url=&#8220;@ET-DC@eyJkeW5hbWljIjp0cnVlLCJjb250ZW50IjoicG9zdF9saW5rX3VybF9wYWdlIiwic2V0dGluZ3MiOnsicG9zdF9pZCI6IjU5In19@&#8220; button_text=&#8220;zu den Formularen&#8220; button_alignment=&#8220;center&#8220; _builder_version=&#8220;4.16&#8243; _dynamic_attributes=&#8220;button_url&#8220; custom_button=&#8220;on&#8220; button_text_color=&#8220;#ffffff&#8220; button_bg_color=&#8220;#71b500&#8243; button_icon=&#8220;&#x35;||divi||400&#8243; custom_margin=&#8220;1px|||||&#8220; global_colors_info=&#8220;{}&#8220; button_text_color__hover_enabled=&#8220;on|desktop&#8220; button_text_color__hover=&#8220;#71b500&#8243; button_bg_color__hover_enabled=&#8220;on|hover&#8220; button_bg_color__hover=&#8220;#ffffff&#8220; button_bg_enable_color__hover=&#8220;on&#8220; button_icon_color__hover_enabled=&#8220;on|hover&#8220; button_icon_color__hover=&#8220;#71b500&#8243;][\/et_pb_button][et_pb_text _builder_version=&#8220;4.16&#8243; custom_margin=&#8220;||4px|||&#8220; global_colors_info=&#8220;{}&#8220;]<\/p>\n<p>F\u00fcr unsere Sch\u00fclerInnen h\u00e4ngen die aktuellen Termine vom &#8222;Tag der offenen T\u00fcr&#8220; in verschiedensten Schulen auf unserer BO-Pinwand im Schulhaus aus.<\/p>\n<p>[\/et_pb_text][\/et_pb_column][\/et_pb_row][et_pb_row column_structure=&#8220;1_3,1_3,1_3&#8243; use_custom_gutter=&#8220;on&#8220; gutter_width=&#8220;2&#8243; _builder_version=&#8220;4.16&#8243; global_colors_info=&#8220;{}&#8220;][et_pb_column type=&#8220;1_3&#8243; _builder_version=&#8220;4.16&#8243; global_colors_info=&#8220;{}&#8220;][et_pb_text _builder_version=&#8220;4.27.4&#8243; text_text_color=&#8220;#ffffff&#8220; background_color=&#8220;#71b500&#8243; background_layout=&#8220;dark&#8220; custom_padding=&#8220;20px||10px||false|false&#8220; hover_enabled=&#8220;0&#8243; border_radii=&#8220;on|10px|10px|10px|10px&#8220; global_colors_info=&#8220;{}&#8220; sticky_enabled=&#8220;0&#8243;]<\/p>\n<h3 style=\"text-align: center;\"><strong>6. &#8211; 8.10.2026<\/strong><\/h3>\n<h3 style=\"text-align: center;\">Schnuppertage<\/h3>\n<p>[\/et_pb_text][\/et_pb_column][et_pb_column type=&#8220;1_3&#8243; _builder_version=&#8220;4.16&#8243; global_colors_info=&#8220;{}&#8220;][et_pb_text _builder_version=&#8220;4.27.4&#8243; text_text_color=&#8220;#ffffff&#8220; background_color=&#8220;#1296e1&#8243; background_layout=&#8220;dark&#8220; custom_padding=&#8220;20px||10px||false|false&#8220; border_radii=&#8220;on|10px|10px|10px|10px&#8220; global_colors_info=&#8220;{}&#8220;]<\/p>\n<h3 style=\"text-align: center;\"><strong>30.9. &#8211; 3.10.2026<br \/><\/strong><\/h3>\n<h3 style=\"text-align: center;\">Messe &#8222;Jugend &amp; Beruf&#8220; &#8211; Wels<\/h3>\n<p>[\/et_pb_text][\/et_pb_column][et_pb_column type=&#8220;1_3&#8243; _builder_version=&#8220;4.16&#8243; global_colors_info=&#8220;{}&#8220;][et_pb_text _builder_version=&#8220;4.27.4&#8243; text_text_color=&#8220;#ffffff&#8220; background_color=&#8220;#d5006e&#8220; background_layout=&#8220;dark&#8220; custom_padding=&#8220;20px||10px||false|false&#8220; border_radii=&#8220;on|10px|10px|10px|10px&#8220; global_colors_info=&#8220;{}&#8220;]<\/p>\n<h3 style=\"text-align: center;\"><strong>6. &#8211; 7.11.2026<\/strong><\/h3>\n<h3 style=\"text-align: center;\">&#8222;Eini ins Leben&#8220; &#8211; Kirchdorf<\/h3>\n<p>[\/et_pb_text][\/et_pb_column][\/et_pb_row][et_pb_row _builder_version=&#8220;4.16&#8243; custom_margin=&#8220;2px|auto||auto||&#8220; custom_padding=&#8220;||7px|||&#8220; global_colors_info=&#8220;{}&#8220;][et_pb_column type=&#8220;4_4&#8243; _builder_version=&#8220;4.16&#8243; global_colors_info=&#8220;{}&#8220;][et_pb_divider color=&#8220;#d5006e&#8220; _builder_version=&#8220;4.16&#8243; custom_padding=&#8220;||0px|||&#8220; global_colors_info=&#8220;{}&#8220;][\/et_pb_divider][et_pb_text module_id=&#8220;anker_soziales&#8220; _builder_version=&#8220;4.16&#8243; custom_margin=&#8220;-6px||-6px|||&#8220; global_colors_info=&#8220;{}&#8220;]<\/p>\n<h1>Soziales<\/h1>\n<p>[\/et_pb_text][\/et_pb_column][\/et_pb_row][et_pb_row column_structure=&#8220;1_2,1_2&#8243; _builder_version=&#8220;4.16&#8243; custom_margin=&#8220;2px|auto||auto||&#8220; custom_padding=&#8220;||7px|||&#8220; global_colors_info=&#8220;{}&#8220;][et_pb_column type=&#8220;1_2&#8243; _builder_version=&#8220;4.16&#8243; global_colors_info=&#8220;{}&#8220;][et_pb_image src=&#8220;https:\/\/www.ms-wartberg.at\/wordpress\/wp-content\/uploads\/2024\/05\/Krebshilfesammlung_2024-768&#215;1024.jpg&#8220; title_text=&#8220;Krebshilfesammlung_2024&#8243; align=&#8220;center&#8220; _builder_version=&#8220;4.25.0&#8243; max_height=&#8220;365px&#8220; border_radii=&#8220;on|30px|30px|30px|30px&#8220; global_colors_info=&#8220;{}&#8220;][\/et_pb_image][et_pb_text _builder_version=&#8220;4.16&#8243; custom_margin=&#8220;-6px||-6px|||&#8220; global_colors_info=&#8220;{}&#8220;]<\/p>\n<h3>Krebshilfesammlung<\/h3>\n<p>Jedes Jahr im Fr\u00fchling &#8222;schw\u00e4rmen&#8220; Freiwillige unserer Schule aus, um die Ober\u00f6sterreichische Krebshilfe zu unterst\u00fctzen. Bei dieser Haussammlung in den Wohngebieten unserer Sch\u00fclerInnen opfern die SammlerInnen einen Teil ihrer Freizeit f\u00fcr eine wirklich gute Sache.<\/p>\n<p>[\/et_pb_text][\/et_pb_column][et_pb_column type=&#8220;1_2&#8243; _builder_version=&#8220;4.16&#8243; global_colors_info=&#8220;{}&#8220;][et_pb_image src=&#8220;https:\/\/www.ms-wartberg.at\/wordpress\/wp-content\/uploads\/2019\/09\/vielleicht-fuer-SOLE-1024&#215;682.jpg&#8220; _builder_version=&#8220;4.25.0&#8243; border_radii=&#8220;on|30px|30px|30px|30px&#8220; global_colors_info=&#8220;{}&#8220;][\/et_pb_image][et_pb_text _builder_version=&#8220;4.16&#8243; custom_margin=&#8220;-6px||-6px|||&#8220; global_colors_info=&#8220;{}&#8220;]<\/p>\n<h3>SOLE-Stunde\/PLUS-Programm<\/h3>\n<p>Wir sind froh und ein bisschen stolz darauf, dass es in unserer Schule noch in jeder Schulstufe eine Unterrichtseinheit f\u00fcr &#8222;Soziales Lernen&#8220; gibt. Unsere Klassenvorst\u00e4nde sind alle im &#8222;PLUS-Programm&#8220; ausgebildet, einem \u00f6stereichweiten Pr\u00e4ventionsprogramm. Hier stehen der Selbstwert und das Selbstbild im Sinne der Suchtpr\u00e4vention, aber auch das Miteinander im System Schule (und au\u00dferhalb) im Vordergrund.<\/p>\n<p>[\/et_pb_text][\/et_pb_column][\/et_pb_row][et_pb_row _builder_version=&#8220;4.16&#8243; global_colors_info=&#8220;{}&#8220;][et_pb_column type=&#8220;4_4&#8243; _builder_version=&#8220;4.16&#8243; global_colors_info=&#8220;{}&#8220;][et_pb_divider color=&#8220;#71b500&#8243; _builder_version=&#8220;4.16&#8243; custom_padding=&#8220;||0px|||&#8220; global_colors_info=&#8220;{}&#8220;][\/et_pb_divider][\/et_pb_column][\/et_pb_row][et_pb_row column_structure=&#8220;2_5,3_5&#8243; module_id=&#8220;anker_gesundheit&#8220; _builder_version=&#8220;4.16&#8243; custom_margin=&#8220;2px|auto||auto||&#8220; custom_padding=&#8220;||7px|||&#8220; global_colors_info=&#8220;{}&#8220;][et_pb_column type=&#8220;2_5&#8243; _builder_version=&#8220;4.16&#8243; global_colors_info=&#8220;{}&#8220;][et_pb_image src=&#8220;https:\/\/www.ms-wartberg.at\/wordpress\/wp-content\/uploads\/2019\/09\/Gu\u0308tesiegel-Gesunde-Schule-2019-2014.png&#8220; align=&#8220;center&#8220; align_tablet=&#8220;&#8220; align_phone=&#8220;&#8220; align_last_edited=&#8220;on|phone&#8220; _builder_version=&#8220;4.16&#8243; max_height=&#8220;177px&#8220; global_colors_info=&#8220;{}&#8220;][\/et_pb_image][\/et_pb_column][et_pb_column type=&#8220;3_5&#8243; _builder_version=&#8220;4.16&#8243; global_colors_info=&#8220;{}&#8220;][et_pb_text _builder_version=&#8220;4.16&#8243; custom_margin=&#8220;-6px||-6px|||&#8220; custom_padding=&#8220;29px|||||&#8220; global_colors_info=&#8220;{}&#8220;]<\/p>\n<h1>Gesundheit<\/h1>\n<p>[\/et_pb_text][\/et_pb_column][\/et_pb_row][et_pb_row column_structure=&#8220;1_2,1_2&#8243; _builder_version=&#8220;4.16&#8243; global_colors_info=&#8220;{}&#8220;][et_pb_column type=&#8220;1_2&#8243; _builder_version=&#8220;4.16&#8243; global_colors_info=&#8220;{}&#8220;][et_pb_image src=&#8220;https:\/\/www.ms-wartberg.at\/wordpress\/wp-content\/uploads\/2024\/05\/IMG_0246-1024&#215;746.jpg&#8220; title_text=&#8220;IMG_0246&#8243; _builder_version=&#8220;4.25.0&#8243; max_height=&#8220;322px&#8220; border_radii=&#8220;on|30px|30px|30px|30px&#8220; global_colors_info=&#8220;{}&#8220;][\/et_pb_image][\/et_pb_column][et_pb_column type=&#8220;1_2&#8243; _builder_version=&#8220;4.16&#8243; global_colors_info=&#8220;{}&#8220;][et_pb_text _builder_version=&#8220;4.16&#8243; min_height=&#8220;125px&#8220; custom_padding=&#8220;30px|||||&#8220; global_colors_info=&#8220;{}&#8220;]<\/p>\n<h3>Gesunde Jause &#8211; Sch\u00fclerInnen<\/h3>\n<p>T\u00e4glich (au\u00dfer Donnerstag -&gt; gesunde Jause des Elternvereins) steht ein kleines Team aus den vierten Klassen vor Unterrichtsbeginn im &#8222;Buffett&#8220; und verkauft Weckerl und unges\u00fc\u00dfte Getr\u00e4nke.<\/p>\n<p>[\/et_pb_text][\/et_pb_column][\/et_pb_row][et_pb_row column_structure=&#8220;1_2,1_2&#8243; _builder_version=&#8220;4.16&#8243; global_colors_info=&#8220;{}&#8220;][et_pb_column type=&#8220;1_2&#8243; _builder_version=&#8220;4.16&#8243; global_colors_info=&#8220;{}&#8220;][et_pb_image src=&#8220;https:\/\/www.ms-wartberg.at\/wordpress\/wp-content\/uploads\/2024\/05\/20240523_085935-1024&#215;768.jpg&#8220; title_text=&#8220;20240523_085935&#8243; _builder_version=&#8220;4.25.0&#8243; max_height=&#8220;322px&#8220; filter_saturate=&#8220;81%&#8220; filter_brightness=&#8220;123%&#8220; border_radii=&#8220;on|30px|30px|30px|30px&#8220; global_colors_info=&#8220;{}&#8220;][\/et_pb_image][\/et_pb_column][et_pb_column type=&#8220;1_2&#8243; _builder_version=&#8220;4.16&#8243; global_colors_info=&#8220;{}&#8220;][et_pb_text _builder_version=&#8220;4.16&#8243; min_height=&#8220;125px&#8220; custom_padding=&#8220;30px|||||&#8220; global_colors_info=&#8220;{}&#8220;]<\/p>\n<h3>Gesunde Jause &#8211; Elternverein<\/h3>\n<p>Jeden Donnerstag besuchen Freiwillige aus dem Elternverein die MS Wartberg und richten f\u00fcr unsere Sch\u00fclerInnen leckere Brote mit frischen Aufstrichen, geschnittenes Gem\u00fcse und Obst zum Knabbern. Auch eine Schale M\u00fcsli mit frischem Obst darf hier nicht fehlen! Highlight ist aber sicher der an einem Donnerstag im Monat bereitete &#8222;Wartburger&#8220;.<\/p>\n<p>[\/et_pb_text][\/et_pb_column][\/et_pb_row][et_pb_row column_structure=&#8220;1_2,1_2&#8243; _builder_version=&#8220;4.16&#8243; global_colors_info=&#8220;{}&#8220;][et_pb_column type=&#8220;1_2&#8243; _builder_version=&#8220;4.16&#8243; global_colors_info=&#8220;{}&#8220;][et_pb_image src=&#8220;https:\/\/www.ms-wartberg.at\/wordpress\/wp-content\/uploads\/2019\/10\/DSC3942.jpg&#8220; align=&#8220;center&#8220; _builder_version=&#8220;4.25.0&#8243; max_height=&#8220;322px&#8220; border_radii=&#8220;on|30px|30px|30px|30px&#8220; global_colors_info=&#8220;{}&#8220;][\/et_pb_image][\/et_pb_column][et_pb_column type=&#8220;1_2&#8243; _builder_version=&#8220;4.16&#8243; global_colors_info=&#8220;{}&#8220;][et_pb_text _builder_version=&#8220;4.16&#8243; min_height=&#8220;125px&#8220; custom_padding=&#8220;30px|||||&#8220; global_colors_info=&#8220;{}&#8220;]<\/p>\n<h3>Wartburger<\/h3>\n<p>Der Wartburger (einmal im Monat im Rahmen der &#8222;Gesunden Jause&#8220; zu kaufen) ist eine besondere Kreation eines gesunden Weckerls. Vor einigen Jahren haben Sch\u00fclerInnen gemeinsam mit einer Lehrerin und der Kremstaler Hofb\u00e4ckerei dieses hei\u00dfbegehrte &#8222;Jausenwunder&#8220; entwickelt. Das Rezept bleibt aber streng geheim!<\/p>\n<p>[\/et_pb_text][\/et_pb_column][\/et_pb_row][et_pb_row column_structure=&#8220;1_2,1_2&#8243; _builder_version=&#8220;4.16&#8243; global_colors_info=&#8220;{}&#8220;][et_pb_column type=&#8220;1_2&#8243; _builder_version=&#8220;4.16&#8243; global_colors_info=&#8220;{}&#8220;][et_pb_image src=&#8220;https:\/\/www.ms-wartberg.at\/wordpress\/wp-content\/uploads\/2024\/05\/20240523_123538-1024&#215;768.jpg&#8220; title_text=&#8220;20240523_123538&#8243; _builder_version=&#8220;4.25.0&#8243; max_height=&#8220;322px&#8220; border_radii=&#8220;on|30px|30px|30px|30px&#8220; global_colors_info=&#8220;{}&#8220;][\/et_pb_image][\/et_pb_column][et_pb_column type=&#8220;1_2&#8243; _builder_version=&#8220;4.16&#8243; global_colors_info=&#8220;{}&#8220;][et_pb_text _builder_version=&#8220;4.16&#8243; custom_padding=&#8220;30px|||||&#8220; global_colors_info=&#8220;{}&#8220;]<\/p>\n<h3>Gesunde K\u00fcche &#8211; Speiseplan<\/h3>\n<p>Wir sind sehr froh dar\u00fcber, dass wir als zertifizierte &#8222;Gesunde Schule&#8220; auch eine &#8222;Gesunde K\u00fcche&#8220; beherbergen, die uns mit nahr- und schmackhaften Gerichten t\u00e4glich versorgt. Nicht ohne Stolz d\u00fcrfen wir auch anmerken, dass etliche umliegende Kinderg\u00e4rten und Schulen in anderen Gemeinden von unserer K\u00fcche beliefert werden. Es d\u00fcrfte schmecken!<\/p>\n<p>\u00dcber den Link auf die Homepage der Gemeinde Wartberg k\u00f6nnen Sie den aktuellen Speiseplan einsehen:<\/p>\n<p>[\/et_pb_text][et_pb_button button_url=&#8220;https:\/\/www.wartberg.at\/UNSER_WARTBERG\/Schule_und_Bildung\/Schulausspeisung\/Speiseplan&#8220; url_new_window=&#8220;on&#8220; button_text=&#8220;zum Speiseplan&#8220; button_alignment=&#8220;center&#8220; _builder_version=&#8220;4.16&#8243; custom_button=&#8220;on&#8220; button_text_color=&#8220;#ffffff&#8220; button_bg_color=&#8220;#1296e1&#8243; button_icon=&#8220;&#x35;||divi||400&#8243; global_colors_info=&#8220;{}&#8220; button_text_color__hover_enabled=&#8220;on|hover&#8220; button_text_color__hover=&#8220;#1296e1&#8243; button_bg_color__hover_enabled=&#8220;on|desktop&#8220; button_icon_color__hover_enabled=&#8220;on|hover&#8220; button_icon_color__hover=&#8220;#1296e1&#8243; button_bg_color__hover=&#8220;#ffffff&#8220; button_bg_enable_color__hover=&#8220;on&#8220;][\/et_pb_button][\/et_pb_column][\/et_pb_row][\/et_pb_section]<\/p>\n","protected":false},"excerpt":{"rendered":"<p>SchwerpunkteMINT Konzept In diesem Schwerpunkt steht die Vernetzung von Mathematik, Informatik, Naturwissenschaften und Technik am Programm. Wir sind eine von derzeit sieben Schulen in O\u00d6, die ihre Sch\u00fclerInnen zu entdeckendem, forschendem Lernen im neuen Fach &#8222;MINT&#8220; einl\u00e4dt. Das bedeutet zwar zwei zus\u00e4tzliche Wochenstunden f\u00fcr die ersten Klassen und drei ab der zweiten Klasse, daf\u00fcr gibt [&hellip;]<\/p>\n","protected":false},"author":1,"featured_media":0,"parent":0,"menu_order":0,"comment_status":"closed","ping_status":"closed","template":"","meta":{"_et_pb_use_builder":"on","_et_pb_old_content":"","_et_gb_content_width":"","footnotes":""},"class_list":["post-54","page","type-page","status-publish","hentry"],"_links":{"self":[{"href":"https:\/\/www.ms-wartberg.at\/index.php?rest_route=\/wp\/v2\/pages\/54","targetHints":{"allow":["GET"]}}],"collection":[{"href":"https:\/\/www.ms-wartberg.at\/index.php?rest_route=\/wp\/v2\/pages"}],"about":[{"href":"https:\/\/www.ms-wartberg.at\/index.php?rest_route=\/wp\/v2\/types\/page"}],"author":[{"embeddable":true,"href":"https:\/\/www.ms-wartberg.at\/index.php?rest_route=\/wp\/v2\/users\/1"}],"replies":[{"embeddable":true,"href":"https:\/\/www.ms-wartberg.at\/index.php?rest_route=%2Fwp%2Fv2%2Fcomments&post=54"}],"version-history":[{"count":74,"href":"https:\/\/www.ms-wartberg.at\/index.php?rest_route=\/wp\/v2\/pages\/54\/revisions"}],"predecessor-version":[{"id":4237,"href":"https:\/\/www.ms-wartberg.at\/index.php?rest_route=\/wp\/v2\/pages\/54\/revisions\/4237"}],"wp:attachment":[{"href":"https:\/\/www.ms-wartberg.at\/index.php?rest_route=%2Fwp%2Fv2%2Fmedia&parent=54"}],"curies":[{"name":"wp","href":"https:\/\/api.w.org\/{rel}","templated":true}]}}