{"id":3064,"date":"2024-05-06T12:43:15","date_gmt":"2024-05-06T10:43:15","guid":{"rendered":"https:\/\/www.ms-wartberg.at\/?page_id=3064"},"modified":"2025-09-17T15:36:12","modified_gmt":"2025-09-17T13:36:12","slug":"mint","status":"publish","type":"page","link":"https:\/\/www.ms-wartberg.at\/?page_id=3064","title":{"rendered":"MINT"},"content":{"rendered":"<p>[et_pb_section fb_built=&#8220;1&#8243; _builder_version=&#8220;4.27.3&#8243; background_color=&#8220;#D5D5D5&#8243; min_height=&#8220;153px&#8220; custom_margin=&#8220;||-44px|||&#8220; custom_padding=&#8220;0px||22px|||&#8220; global_colors_info=&#8220;{}&#8220;][et_pb_row _builder_version=&#8220;4.16&#8243; global_colors_info=&#8220;{}&#8220;][et_pb_column type=&#8220;4_4&#8243; _builder_version=&#8220;4.16&#8243; global_colors_info=&#8220;{}&#8220;][et_pb_text _builder_version=&#8220;4.27.3&#8243; header_font=&#8220;|||on|||||&#8220; header_text_color=&#8220;#ffffff&#8220; header_font_size=&#8220;40px&#8220; custom_margin=&#8220;||8px|||&#8220; global_colors_info=&#8220;{}&#8220;]<\/p>\n<h1>M\u00a0 \u00a0 I\u00a0 \u00a0 \u00a0N\u00a0 \u00a0 \u00a0T<\/h1>\n<p>[\/et_pb_text][et_pb_text _builder_version=&#8220;4.27.3&#8243; header_font=&#8220;|||on|||||&#8220; header_text_color=&#8220;#ffffff&#8220; header_font_size=&#8220;40px&#8220; global_colors_info=&#8220;{}&#8220;]<\/p>\n<h5>MATHEMATIK\u00a0 \u00a0INFORMATIK\u00a0 \u00a0NATURWISSENSCHAFTEN\u00a0 \u00a0TECHNIK<\/h5>\n<p>[\/et_pb_text][\/et_pb_column][\/et_pb_row][\/et_pb_section][et_pb_section fb_built=&#8220;1&#8243; _builder_version=&#8220;4.16&#8243; custom_padding=&#8220;19px|||||&#8220; global_colors_info=&#8220;{}&#8220;][et_pb_row _builder_version=&#8220;4.27.3&#8243; _module_preset=&#8220;default&#8220; min_height=&#8220;74px&#8220; custom_padding=&#8220;||5px|||&#8220; global_colors_info=&#8220;{}&#8220;][et_pb_column type=&#8220;4_4&#8243; _builder_version=&#8220;4.27.3&#8243; _module_preset=&#8220;default&#8220; global_colors_info=&#8220;{}&#8220;][et_pb_text _builder_version=&#8220;4.27.3&#8243; _module_preset=&#8220;default&#8220; global_colors_info=&#8220;{}&#8220;]<\/p>\n<h3>Schwerpunkte\/Themen<\/h3>\n<p>[\/et_pb_text][\/et_pb_column][\/et_pb_row][et_pb_row column_structure=&#8220;1_4,1_4,1_4,1_4&#8243; use_custom_gutter=&#8220;on&#8220; gutter_width=&#8220;2&#8243; _builder_version=&#8220;4.16&#8243; min_height=&#8220;293.6px&#8220; custom_padding=&#8220;||0px|||&#8220; locked=&#8220;off&#8220; global_colors_info=&#8220;{}&#8220;][et_pb_column type=&#8220;1_4&#8243; _builder_version=&#8220;4.16&#8243; global_colors_info=&#8220;{}&#8220;][et_pb_text _builder_version=&#8220;4.27.3&#8243; text_text_color=&#8220;#ffffff&#8220; background_color=&#8220;#71b500&#8243; background_layout=&#8220;dark&#8220; custom_padding=&#8220;20px||10px||false|false&#8220; border_radii=&#8220;on|10px|10px|10px|10px&#8220; global_colors_info=&#8220;{}&#8220;]<\/p>\n<h3 style=\"text-align: center;\"><b>1. Klasse<br \/><\/b><\/h3>\n<p style=\"text-align: center;\">Elektrische Schaltungen<br \/>Abfall<br \/>Modellieren<br \/>Landwirtschaft<br \/>Entlang der Krems<br \/>Holz<br \/>&#8230;\u00a0<\/p>\n<p>[\/et_pb_text][\/et_pb_column][et_pb_column type=&#8220;1_4&#8243; _builder_version=&#8220;4.16&#8243; global_colors_info=&#8220;{}&#8220;][et_pb_text _builder_version=&#8220;4.27.3&#8243; text_text_color=&#8220;#ffffff&#8220; background_color=&#8220;#1296e1&#8243; background_layout=&#8220;dark&#8220; custom_padding=&#8220;20px||10px||false|false&#8220; border_radii=&#8220;on|10px|10px|10px|10px&#8220; global_colors_info=&#8220;{}&#8220;]<\/p>\n<h3 style=\"text-align: center;\"><strong>2. Klasse<\/strong><\/h3>\n<p style=\"text-align: center;\">Biene<br \/>Coding (Scratch)<br \/>Aerodynamik<br \/>Erneuerbare Energien<br \/>Alltagsger\u00e4te<br \/>Stop-Motion-Video<br \/>&#8230;<\/p>\n<p>[\/et_pb_text][\/et_pb_column][et_pb_column type=&#8220;1_4&#8243; _builder_version=&#8220;4.16&#8243; global_colors_info=&#8220;{}&#8220;][et_pb_text _builder_version=&#8220;4.27.4&#8243; text_text_color=&#8220;#ffffff&#8220; background_color=&#8220;#d5006e&#8220; background_layout=&#8220;dark&#8220; custom_padding=&#8220;20px||10px||false|false&#8220; hover_enabled=&#8220;0&#8243; border_radii=&#8220;on|10px|10px|10px|10px&#8220; global_colors_info=&#8220;{}&#8220; sticky_enabled=&#8220;0&#8243;]<\/p>\n<h3 style=\"text-align: center;\"><strong>3. Klasse<\/strong><\/h3>\n<p style=\"text-align: center;\">VR<br \/>2 D zeichnen<br \/>Medizinische Ger\u00e4te<br \/>Robotik<br \/>Finanzwelten<br \/>Kunststoff<br \/>&#8230;<\/p>\n<p>[\/et_pb_text][\/et_pb_column][et_pb_column type=&#8220;1_4&#8243; _builder_version=&#8220;4.27.3&#8243; _module_preset=&#8220;default&#8220; global_colors_info=&#8220;{}&#8220;][et_pb_text _builder_version=&#8220;4.27.4&#8243; text_text_color=&#8220;#ffffff&#8220; background_color=&#8220;#656565&#8243; background_layout=&#8220;dark&#8220; custom_padding=&#8220;20px||10px||false|false&#8220; hover_enabled=&#8220;0&#8243; border_radii=&#8220;on|10px|10px|10px|10px&#8220; global_colors_info=&#8220;{}&#8220; sticky_enabled=&#8220;0&#8243;]<\/p>\n<h3 style=\"text-align: center;\"><strong>4. Klasse<\/strong><\/h3>\n<p style=\"text-align: center;\"><strong>Mein Fahrrad<br \/>\u00dcbersetzungen<br \/>Kunststoff<br \/><\/strong><strong>Forensik<br \/>Finanzwelten<br \/><\/strong><strong><\/strong><strong>3D Druck <br \/>&#8230;<\/strong><\/p>\n<p>[\/et_pb_text][\/et_pb_column][\/et_pb_row][et_pb_row _builder_version=&#8220;4.27.3&#8243; _module_preset=&#8220;default&#8220; custom_margin=&#8220;|auto|-39px|auto||&#8220; global_colors_info=&#8220;{}&#8220;][et_pb_column type=&#8220;4_4&#8243; _builder_version=&#8220;4.27.3&#8243; _module_preset=&#8220;default&#8220; global_colors_info=&#8220;{}&#8220;][et_pb_text _builder_version=&#8220;4.27.4&#8243; _module_preset=&#8220;default&#8220; global_colors_info=&#8220;{}&#8220;]<\/p>\n<h3>Danke an unsere Kooperationspartner!<\/h3>\n<p>[\/et_pb_text][\/et_pb_column][\/et_pb_row][et_pb_row column_structure=&#8220;1_4,1_4,1_4,1_4&#8243; use_custom_gutter=&#8220;on&#8220; gutter_width=&#8220;2&#8243; _builder_version=&#8220;4.16&#8243; min_height=&#8220;293.6px&#8220; custom_padding=&#8220;||0px|||&#8220; locked=&#8220;off&#8220; global_colors_info=&#8220;{}&#8220;][et_pb_column type=&#8220;1_4&#8243; _builder_version=&#8220;4.16&#8243; global_colors_info=&#8220;{}&#8220;][et_pb_text _builder_version=&#8220;4.27.4&#8243; text_text_color=&#8220;#ffffff&#8220; background_color=&#8220;#71b500&#8243; background_layout=&#8220;dark&#8220; custom_padding=&#8220;20px||10px||false|false&#8220; border_radii=&#8220;on|10px|10px|10px|10px&#8220; global_colors_info=&#8220;{}&#8220;]<\/p>\n<h3 style=\"text-align: center;\"><b>1. Klasse<br \/><\/b><\/h3>\n<p style=\"text-align: center;\">Bioentsorgung Steinma\u00dfl<br \/>Elektro Kremsmair<br \/>Lukas Sch\u00fctzenhofer<br \/>&#8230;<\/p>\n<p>[\/et_pb_text][\/et_pb_column][et_pb_column type=&#8220;1_4&#8243; _builder_version=&#8220;4.16&#8243; global_colors_info=&#8220;{}&#8220;][et_pb_text _builder_version=&#8220;4.27.4&#8243; text_text_color=&#8220;#ffffff&#8220; background_color=&#8220;#1296e1&#8243; background_layout=&#8220;dark&#8220; custom_padding=&#8220;20px||10px||false|false&#8220; border_radii=&#8220;on|10px|10px|10px|10px&#8220; global_colors_info=&#8220;{}&#8220;]<\/p>\n<h3 style=\"text-align: center;\"><strong>2. Klasse<\/strong><\/h3>\n<p style=\"text-align: center;\">Imkerverein Wartberg<br \/>Kino Kirchdorf<br \/>Fa. Aluplast<br \/>Fa. Ganglbauer<br \/>&#8230;<\/p>\n<p>[\/et_pb_text][\/et_pb_column][et_pb_column type=&#8220;1_4&#8243; _builder_version=&#8220;4.16&#8243; global_colors_info=&#8220;{}&#8220;][et_pb_text _builder_version=&#8220;4.27.4&#8243; text_text_color=&#8220;#ffffff&#8220; background_color=&#8220;#d5006e&#8220; background_layout=&#8220;dark&#8220; custom_padding=&#8220;20px||10px||false|false&#8220; border_radii=&#8220;on|10px|10px|10px|10px&#8220; global_colors_info=&#8220;{}&#8220;]<\/p>\n<h3 style=\"text-align: center;\"><strong>3. Klasse<\/strong><\/h3>\n<p style=\"text-align: center;\">Fa. KUKA<br \/>Fa. Greiner<br \/>Fa. Haidlmair<br \/>TIZ Kirchdorf<br \/>Lukas Sch\u00fctzenhofer<br \/>(Klima- und Energie Leader TVA)<br \/>Raiffeisenbank Wartberg<br \/>&#8230;<\/p>\n<p>[\/et_pb_text][\/et_pb_column][et_pb_column type=&#8220;1_4&#8243; _builder_version=&#8220;4.27.3&#8243; _module_preset=&#8220;default&#8220; global_colors_info=&#8220;{}&#8220;][et_pb_text _builder_version=&#8220;4.27.3&#8243; text_text_color=&#8220;#ffffff&#8220; background_color=&#8220;#656565&#8243; background_layout=&#8220;dark&#8220; custom_padding=&#8220;20px||10px||false|false&#8220; border_radii=&#8220;on|10px|10px|10px|10px&#8220; global_colors_info=&#8220;{}&#8220;]<\/p>\n<h3 style=\"text-align: center;\"><strong>4. Klasse<\/strong><\/h3>\n<p>[\/et_pb_text][\/et_pb_column][\/et_pb_row][et_pb_row module_id=&#8220;anker_mintbeitraege&#8220; _builder_version=&#8220;4.27.4&#8243; custom_padding=&#8220;||36px|||&#8220; global_colors_info=&#8220;{}&#8220;][et_pb_column type=&#8220;4_4&#8243; _builder_version=&#8220;4.16&#8243; global_colors_info=&#8220;{}&#8220;][et_pb_divider color=&#8220;#D5006E&#8220; _builder_version=&#8220;4.27.4&#8243; _module_preset=&#8220;default&#8220; global_colors_info=&#8220;{}&#8220;][\/et_pb_divider][et_pb_text _builder_version=&#8220;4.27.4&#8243; _module_preset=&#8220;default&#8220; global_colors_info=&#8220;{}&#8220;]<\/p>\n<h3>Beitr\u00e4ge<\/h3>\n<p>[\/et_pb_text][\/et_pb_column][\/et_pb_row][et_pb_row _builder_version=&#8220;4.27.4&#8243; _module_preset=&#8220;default&#8220; global_colors_info=&#8220;{}&#8220;][et_pb_column type=&#8220;4_4&#8243; _builder_version=&#8220;4.27.4&#8243; _module_preset=&#8220;default&#8220; global_colors_info=&#8220;{}&#8220;][et_pb_blog fullwidth=&#8220;off&#8220; posts_number=&#8220;99&#8243; include_categories=&#8220;23&#8243; show_more=&#8220;on&#8220; show_author=&#8220;off&#8220; show_date=&#8220;off&#8220; show_categories=&#8220;off&#8220; show_pagination=&#8220;off&#8220; _builder_version=&#8220;4.27.4&#8243; _module_preset=&#8220;default&#8220; global_colors_info=&#8220;{}&#8220;][\/et_pb_blog][\/et_pb_column][\/et_pb_row][\/et_pb_section]<\/p>\n","protected":false},"excerpt":{"rendered":"<p>M\u00a0 \u00a0 I\u00a0 \u00a0 \u00a0N\u00a0 \u00a0 \u00a0TMATHEMATIK\u00a0 \u00a0INFORMATIK\u00a0 \u00a0NATURWISSENSCHAFTEN\u00a0 \u00a0TECHNIKSchwerpunkte\/Themen1. Klasse Elektrische SchaltungenAbfallModellierenLandwirtschaftEntlang der KremsHolz&#8230;\u00a02. Klasse BieneCoding (Scratch)AerodynamikErneuerbare EnergienAlltagsger\u00e4teStop-Motion-Video&#8230;3. Klasse VR2 D zeichnenMedizinische Ger\u00e4teRobotikFinanzweltenKunststoff&#8230;4. Klasse Mein Fahrrad\u00dcbersetzungenKunststoffForensikFinanzwelten3D Druck &#8230;Danke an unsere Kooperationspartner!1. Klasse Bioentsorgung Steinma\u00dflElektro KremsmairLukas Sch\u00fctzenhofer&#8230;2. Klasse Imkerverein WartbergKino KirchdorfFa. AluplastFa. Ganglbauer&#8230;3. Klasse Fa. KUKAFa. GreinerFa. HaidlmairTIZ KirchdorfLukas Sch\u00fctzenhofer(Klima- und Energie Leader TVA)Raiffeisenbank Wartberg&#8230;4. [&hellip;]<\/p>\n","protected":false},"author":1,"featured_media":0,"parent":0,"menu_order":0,"comment_status":"closed","ping_status":"closed","template":"","meta":{"_et_pb_use_builder":"on","_et_pb_old_content":"","_et_gb_content_width":"","footnotes":""},"class_list":["post-3064","page","type-page","status-publish","hentry"],"_links":{"self":[{"href":"https:\/\/www.ms-wartberg.at\/index.php?rest_route=\/wp\/v2\/pages\/3064","targetHints":{"allow":["GET"]}}],"collection":[{"href":"https:\/\/www.ms-wartberg.at\/index.php?rest_route=\/wp\/v2\/pages"}],"about":[{"href":"https:\/\/www.ms-wartberg.at\/index.php?rest_route=\/wp\/v2\/types\/page"}],"author":[{"embeddable":true,"href":"https:\/\/www.ms-wartberg.at\/index.php?rest_route=\/wp\/v2\/users\/1"}],"replies":[{"embeddable":true,"href":"https:\/\/www.ms-wartberg.at\/index.php?rest_route=%2Fwp%2Fv2%2Fcomments&post=3064"}],"version-history":[{"count":23,"href":"https:\/\/www.ms-wartberg.at\/index.php?rest_route=\/wp\/v2\/pages\/3064\/revisions"}],"predecessor-version":[{"id":4058,"href":"https:\/\/www.ms-wartberg.at\/index.php?rest_route=\/wp\/v2\/pages\/3064\/revisions\/4058"}],"wp:attachment":[{"href":"https:\/\/www.ms-wartberg.at\/index.php?rest_route=%2Fwp%2Fv2%2Fmedia&parent=3064"}],"curies":[{"name":"wp","href":"https:\/\/api.w.org\/{rel}","templated":true}]}}